{"id":887,"date":"2024-12-19T15:50:15","date_gmt":"2024-12-19T14:50:15","guid":{"rendered":"https:\/\/www.maisonjohanesboubee.fr\/imprint\/"},"modified":"2024-12-19T15:50:15","modified_gmt":"2024-12-19T14:50:15","slug":"imprint","status":"publish","type":"page","link":"https:\/\/www.maisonjohanesboubee.fr\/en\/imprint\/","title":{"rendered":"Imprint"},"content":{"rendered":"\n<!-- Legal document generated by Complianz | GDPR\/CCPA Cookie Consent https:\/\/wordpress.org\/plugins\/complianz-gdpr -->\n<div id=\"cmplz-document\" class=\"cmplz-document impressum cmplz-document-all\"><\/div>","protected":false},"excerpt":{"rendered":"","protected":false},"author":1,"featured_media":0,"parent":0,"menu_order":0,"comment_status":"closed","ping_status":"closed","template":"","meta":{"_acf_changed":false,"inline_featured_image":false,"footnotes":""},"class_list":["post-887","page","type-page","status-publish","hentry"],"acf":[],"yoast_head":"<!-- This site is optimized with the Yoast SEO plugin v27.3 - https:\/\/yoast.com\/product\/yoast-seo-wordpress\/ -->\n<title>Imprint - Maison Johan\u00e8s Boub\u00e9e<\/title>\n<meta name=\"robots\" content=\"index, follow, max-snippet:-1, max-image-preview:large, max-video-preview:-1\" \/>\n<link rel=\"canonical\" href=\"https:\/\/www.maisonjohanesboubee.fr\/en\/imprint\/\" \/>\n<meta property=\"og:locale\" content=\"en_US\" \/>\n<meta property=\"og:type\" content=\"article\" \/>\n<meta property=\"og:title\" content=\"Imprint - Maison Johan\u00e8s Boub\u00e9e\" \/>\n<meta property=\"og:url\" content=\"https:\/\/www.maisonjohanesboubee.fr\/en\/imprint\/\" \/>\n<meta property=\"og:site_name\" content=\"Maison Johan\u00e8s Boub\u00e9e\" \/>\n<meta property=\"og:image\" content=\"https:\/\/www.maisonjohanesboubee.fr\/wp-content\/uploads\/2024\/12\/screenshot.jpg\" \/>\n\t<meta property=\"og:image:width\" content=\"1200\" \/>\n\t<meta property=\"og:image:height\" content=\"675\" \/>\n\t<meta property=\"og:image:type\" content=\"image\/jpeg\" \/>\n<meta name=\"twitter:card\" content=\"summary_large_image\" \/>\n<script type=\"application\/ld+json\" class=\"yoast-schema-graph\">{\"@context\":\"https:\\\/\\\/schema.org\",\"@graph\":[{\"@type\":\"WebPage\",\"@id\":\"https:\\\/\\\/www.maisonjohanesboubee.fr\\\/en\\\/imprint\\\/\",\"url\":\"https:\\\/\\\/www.maisonjohanesboubee.fr\\\/en\\\/imprint\\\/\",\"name\":\"Imprint - Maison Johan\u00e8s Boub\u00e9e\",\"isPartOf\":{\"@id\":\"https:\\\/\\\/www.maisonjohanesboubee.fr\\\/#website\"},\"datePublished\":\"2024-12-19T14:50:15+00:00\",\"breadcrumb\":{\"@id\":\"https:\\\/\\\/www.maisonjohanesboubee.fr\\\/en\\\/imprint\\\/#breadcrumb\"},\"inLanguage\":\"en-US\",\"potentialAction\":[{\"@type\":\"ReadAction\",\"target\":[\"https:\\\/\\\/www.maisonjohanesboubee.fr\\\/en\\\/imprint\\\/\"]}]},{\"@type\":\"BreadcrumbList\",\"@id\":\"https:\\\/\\\/www.maisonjohanesboubee.fr\\\/en\\\/imprint\\\/#breadcrumb\",\"itemListElement\":[{\"@type\":\"ListItem\",\"position\":1,\"name\":\"Accueil\",\"item\":\"https:\\\/\\\/www.maisonjohanesboubee.fr\\\/en\\\/\"},{\"@type\":\"ListItem\",\"position\":2,\"name\":\"Imprint\"}]},{\"@type\":\"WebSite\",\"@id\":\"https:\\\/\\\/www.maisonjohanesboubee.fr\\\/#website\",\"url\":\"https:\\\/\\\/www.maisonjohanesboubee.fr\\\/\",\"name\":\"Maison Johan\u00e8s Boub\u00e9e\",\"description\":\"N\u00e9goce, logistique et export de vins\",\"publisher\":{\"@id\":\"https:\\\/\\\/www.maisonjohanesboubee.fr\\\/#organization\"},\"potentialAction\":[{\"@type\":\"SearchAction\",\"target\":{\"@type\":\"EntryPoint\",\"urlTemplate\":\"https:\\\/\\\/www.maisonjohanesboubee.fr\\\/?s={search_term_string}\"},\"query-input\":{\"@type\":\"PropertyValueSpecification\",\"valueRequired\":true,\"valueName\":\"search_term_string\"}}],\"inLanguage\":\"en-US\"},{\"@type\":\"Organization\",\"@id\":\"https:\\\/\\\/www.maisonjohanesboubee.fr\\\/#organization\",\"name\":\"Maison Johan\u00e8s Boub\u00e9e\",\"url\":\"https:\\\/\\\/www.maisonjohanesboubee.fr\\\/\",\"logo\":{\"@type\":\"ImageObject\",\"inLanguage\":\"en-US\",\"@id\":\"https:\\\/\\\/www.maisonjohanesboubee.fr\\\/#\\\/schema\\\/logo\\\/image\\\/\",\"url\":\"https:\\\/\\\/www.maisonjohanesboubee.fr\\\/wp-content\\\/uploads\\\/2024\\\/09\\\/logo_mjb_header.png\",\"contentUrl\":\"https:\\\/\\\/www.maisonjohanesboubee.fr\\\/wp-content\\\/uploads\\\/2024\\\/09\\\/logo_mjb_header.png\",\"width\":600,\"height\":236,\"caption\":\"Maison Johan\u00e8s Boub\u00e9e\"},\"image\":{\"@id\":\"https:\\\/\\\/www.maisonjohanesboubee.fr\\\/#\\\/schema\\\/logo\\\/image\\\/\"},\"sameAs\":[\"https:\\\/\\\/fr.linkedin.com\\\/company\\\/maisonjohansboube\"]}]}<\/script>\n<!-- \/ Yoast SEO plugin. -->","yoast_head_json":{"title":"Imprint - Maison Johan\u00e8s Boub\u00e9e","robots":{"index":"index","follow":"follow","max-snippet":"max-snippet:-1","max-image-preview":"max-image-preview:large","max-video-preview":"max-video-preview:-1"},"canonical":"https:\/\/www.maisonjohanesboubee.fr\/en\/imprint\/","og_locale":"en_US","og_type":"article","og_title":"Imprint - Maison Johan\u00e8s Boub\u00e9e","og_url":"https:\/\/www.maisonjohanesboubee.fr\/en\/imprint\/","og_site_name":"Maison Johan\u00e8s Boub\u00e9e","og_image":[{"width":1200,"height":675,"url":"https:\/\/www.maisonjohanesboubee.fr\/wp-content\/uploads\/2024\/12\/screenshot.jpg","type":"image\/jpeg"}],"twitter_card":"summary_large_image","schema":{"@context":"https:\/\/schema.org","@graph":[{"@type":"WebPage","@id":"https:\/\/www.maisonjohanesboubee.fr\/en\/imprint\/","url":"https:\/\/www.maisonjohanesboubee.fr\/en\/imprint\/","name":"Imprint - Maison Johan\u00e8s Boub\u00e9e","isPartOf":{"@id":"https:\/\/www.maisonjohanesboubee.fr\/#website"},"datePublished":"2024-12-19T14:50:15+00:00","breadcrumb":{"@id":"https:\/\/www.maisonjohanesboubee.fr\/en\/imprint\/#breadcrumb"},"inLanguage":"en-US","potentialAction":[{"@type":"ReadAction","target":["https:\/\/www.maisonjohanesboubee.fr\/en\/imprint\/"]}]},{"@type":"BreadcrumbList","@id":"https:\/\/www.maisonjohanesboubee.fr\/en\/imprint\/#breadcrumb","itemListElement":[{"@type":"ListItem","position":1,"name":"Accueil","item":"https:\/\/www.maisonjohanesboubee.fr\/en\/"},{"@type":"ListItem","position":2,"name":"Imprint"}]},{"@type":"WebSite","@id":"https:\/\/www.maisonjohanesboubee.fr\/#website","url":"https:\/\/www.maisonjohanesboubee.fr\/","name":"Maison Johan\u00e8s Boub\u00e9e","description":"N\u00e9goce, logistique et export de vins","publisher":{"@id":"https:\/\/www.maisonjohanesboubee.fr\/#organization"},"potentialAction":[{"@type":"SearchAction","target":{"@type":"EntryPoint","urlTemplate":"https:\/\/www.maisonjohanesboubee.fr\/?s={search_term_string}"},"query-input":{"@type":"PropertyValueSpecification","valueRequired":true,"valueName":"search_term_string"}}],"inLanguage":"en-US"},{"@type":"Organization","@id":"https:\/\/www.maisonjohanesboubee.fr\/#organization","name":"Maison Johan\u00e8s Boub\u00e9e","url":"https:\/\/www.maisonjohanesboubee.fr\/","logo":{"@type":"ImageObject","inLanguage":"en-US","@id":"https:\/\/www.maisonjohanesboubee.fr\/#\/schema\/logo\/image\/","url":"https:\/\/www.maisonjohanesboubee.fr\/wp-content\/uploads\/2024\/09\/logo_mjb_header.png","contentUrl":"https:\/\/www.maisonjohanesboubee.fr\/wp-content\/uploads\/2024\/09\/logo_mjb_header.png","width":600,"height":236,"caption":"Maison Johan\u00e8s Boub\u00e9e"},"image":{"@id":"https:\/\/www.maisonjohanesboubee.fr\/#\/schema\/logo\/image\/"},"sameAs":["https:\/\/fr.linkedin.com\/company\/maisonjohansboube"]}]}},"_links":{"self":[{"href":"https:\/\/www.maisonjohanesboubee.fr\/en\/wp-json\/wp\/v2\/pages\/887","targetHints":{"allow":["GET"]}}],"collection":[{"href":"https:\/\/www.maisonjohanesboubee.fr\/en\/wp-json\/wp\/v2\/pages"}],"about":[{"href":"https:\/\/www.maisonjohanesboubee.fr\/en\/wp-json\/wp\/v2\/types\/page"}],"author":[{"embeddable":true,"href":"https:\/\/www.maisonjohanesboubee.fr\/en\/wp-json\/wp\/v2\/users\/1"}],"replies":[{"embeddable":true,"href":"https:\/\/www.maisonjohanesboubee.fr\/en\/wp-json\/wp\/v2\/comments?post=887"}],"version-history":[{"count":0,"href":"https:\/\/www.maisonjohanesboubee.fr\/en\/wp-json\/wp\/v2\/pages\/887\/revisions"}],"wp:attachment":[{"href":"https:\/\/www.maisonjohanesboubee.fr\/en\/wp-json\/wp\/v2\/media?parent=887"}],"curies":[{"name":"wp","href":"https:\/\/api.w.org\/{rel}","templated":true}]}}